{"id":221,"date":"2019-11-05T16:00:48","date_gmt":"2019-11-05T16:00:48","guid":{"rendered":"https:\/\/cbct.pt\/?page_id=221"},"modified":"2023-04-19T10:31:46","modified_gmt":"2023-04-19T09:31:46","slug":"informacao-para-o-medico","status":"publish","type":"page","link":"https:\/\/cbct.pt\/?page_id=221","title":{"rendered":"Informa\u00e7\u00e3o para o M\u00e9dico"},"content":{"rendered":"\n<div style=\"height:20px\" aria-hidden=\"true\" class=\"wp-block-spacer\"><\/div>\n\n\n\n<div style=\"height:20px\" aria-hidden=\"true\" class=\"wp-block-spacer\"><\/div>\n\n\n\n<div class=\"wp-block-columns has-2-columns is-layout-flex wp-container-core-columns-is-layout-9d6595d7 wp-block-columns-is-layout-flex\">\n<div class=\"wp-block-column is-layout-flow wp-block-column-is-layout-flow\">\n<div class=\"wp-block-image\"><figure class=\"aligncenter\"><img loading=\"lazy\" decoding=\"async\" width=\"257\" height=\"254\" src=\"https:\/\/cbct.pt\/wp-content\/uploads\/2019\/11\/cbct_voxel_icon2.png\" alt=\"\" class=\"wp-image-393\"\/><\/figure><\/div>\n<\/div>\n\n\n\n<div class=\"wp-block-column is-layout-flow wp-block-column-is-layout-flow\">\n<h3 class=\"wp-block-heading\" style=\"text-align:left\">O Voxel mais pequeno do mercado<\/h3>\n\n\n\n<h4 class=\"wp-block-heading\"><a href=\"https:\/\/sites.google.com\/medisis.pt\/cbct\/informa%C3%A7%C3%A3o-para-o-m%C3%A9dico#h.p_GCbL6N8nnaVP\"><\/a>68 micr\u00f3metro, com um FOV de 4x4cm at\u00e9 16x13cm<\/h4>\n\n\n\n<p>permite obter um detalhe de elevada resolu\u00e7\u00e3o<\/p>\n\n\n\n<div style=\"height:20px\" aria-hidden=\"true\" class=\"wp-block-spacer\"><\/div>\n<\/div>\n<\/div>\n\n\n\n<hr class=\"wp-block-separator is-style-wide\"\/>\n\n\n\n<div style=\"height:20px\" aria-hidden=\"true\" class=\"wp-block-spacer\"><\/div>\n\n\n\n<div class=\"wp-block-columns has-2-columns is-layout-flex wp-container-core-columns-is-layout-9d6595d7 wp-block-columns-is-layout-flex\">\n<div class=\"wp-block-column is-layout-flow wp-block-column-is-layout-flow\">\n<div class=\"wp-block-image\"><figure class=\"aligncenter\"><img loading=\"lazy\" decoding=\"async\" width=\"257\" height=\"254\" src=\"https:\/\/cbct.pt\/wp-content\/uploads\/2019\/11\/cbct_hd_icon2.png\" alt=\"\" class=\"wp-image-392\"\/><\/figure><\/div>\n<\/div>\n\n\n\n<div class=\"wp-block-column is-layout-flow wp-block-column-is-layout-flow\">\n<h3 class=\"wp-block-heading\" style=\"text-align:left\">Imagem de mais alta defini\u00e7\u00e3o<\/h3>\n\n\n\n<h4 class=\"wp-block-heading\" style=\"text-align:left\" id=\"h.p_f-021HAprzrk\">Imagens adquiridas com o m\u00e1ximo detalhe, mantendo uma dose relativamente baixa de radia\u00e7\u00e3o<\/h4>\n\n\n\n<p style=\"text-align:left\">[ Geralmente, quanto menor a \u00e1rea estudada (FOV), maior resolu\u00e7\u00e3o se pode obter. E esta \u00e9 bastante superior \u00e0 obtida com a generalidade dos exames de TAC ou de tomografia computorizada cl\u00e1ssicos, com uma dose muito inferior ]<\/p>\n\n\n\n<p style=\"text-align:left\" class=\"has-background has-very-light-gray-background-color\">Em caso de necessidade da dose menor poss\u00edvel, \u00e9 poss\u00edvel seleccionar um modo de aquisi\u00e7\u00e3o <em>Quick Scan <\/em>com uma aquisi\u00e7\u00e3o de 3,6s para um volume 3D e de 6&#8243; para uma Ortopantomografia<\/p>\n<\/div>\n<\/div>\n\n\n\n<hr class=\"wp-block-separator is-style-wide\"\/>\n\n\n\n<div style=\"height:20px\" aria-hidden=\"true\" class=\"wp-block-spacer\"><\/div>\n\n\n\n<div style=\"height:20px\" aria-hidden=\"true\" class=\"wp-block-spacer\"><\/div>\n\n\n\n<div class=\"wp-block-columns has-2-columns is-layout-flex wp-container-core-columns-is-layout-9d6595d7 wp-block-columns-is-layout-flex\">\n<div class=\"wp-block-column is-layout-flow wp-block-column-is-layout-flow\">\n<div style=\"height:20px\" aria-hidden=\"true\" class=\"wp-block-spacer\"><\/div>\n\n\n\n<div class=\"wp-block-image\"><figure class=\"aligncenter\"><img loading=\"lazy\" decoding=\"async\" width=\"257\" height=\"254\" src=\"https:\/\/cbct.pt\/wp-content\/uploads\/2019\/11\/cbct_newtom_icon.png\" alt=\"\" class=\"wp-image-274\"\/><\/figure><\/div>\n<\/div>\n\n\n\n<div class=\"wp-block-column is-layout-flow wp-block-column-is-layout-flow\">\n<h3 class=\"wp-block-heading\" style=\"text-align:left\" id=\"h.p_os0hXmkPsZp6\">Desenvolvido pela NewTom<\/h3>\n\n\n\n<p style=\"text-align:left\">Empresa pioneira no desenvolvimento dos equipamentos de CBCT, com a tecnologia mais avan\u00e7ada do mercado.<\/p>\n<\/div>\n<\/div>\n\n\n\n<hr class=\"wp-block-separator is-style-wide\"\/>\n\n\n\n<div style=\"height:20px\" aria-hidden=\"true\" class=\"wp-block-spacer\"><\/div>\n\n\n\n<div class=\"wp-block-columns has-2-columns is-layout-flex wp-container-core-columns-is-layout-9d6595d7 wp-block-columns-is-layout-flex\">\n<div class=\"wp-block-column is-layout-flow wp-block-column-is-layout-flow\">\n<div class=\"wp-block-image\"><figure class=\"aligncenter\"><img loading=\"lazy\" decoding=\"async\" width=\"257\" height=\"254\" src=\"https:\/\/cbct.pt\/wp-content\/uploads\/2019\/11\/cbct_fov_icon.png\" alt=\"\" class=\"wp-image-272\"\/><\/figure><\/div>\n<\/div>\n\n\n\n<div class=\"wp-block-column is-layout-flow wp-block-column-is-layout-flow\">\n<h3 class=\"wp-block-heading\" style=\"text-align:left\" id=\"h.p_zBQ7ncwHsr19\">Que FOV escolher para o meu paciente?<\/h3>\n\n\n\n<p style=\"text-align:left\">Deve sempre solicitar o menor FOV (Field Of View ou campo de vis\u00e3o) poss\u00edvel. N\u00e3o s\u00f3 o dano \u00e9 menor para o paciente mas tamb\u00e9m a qualidade da imagem aumenta.<\/p>\n<\/div>\n<\/div>\n\n\n\n<h3 class=\"wp-block-heading\" style=\"text-align:center\" id=\"h.p_zBQ7ncwHsr19\">FOVs t\u00edpicos<\/h3>\n\n\n\n<table class=\"wp-block-table aligncenter is-style-stripes\"><tbody><tr><td><strong>FOV<\/strong> (AxL)<\/td><td><strong>Aplica\u00e7\u00e3o<\/strong><\/td><\/tr><tr><td>4&#215;4<\/td><td>1 dente; 1 sextante;<br>endodontia; planeamento de implantes numa zona pequena<\/td><\/tr><tr><td>6&#215;6; 6&#215;8; 8&#215;8<\/td><td>entre 1 sextante e 1 maxilar<\/td><\/tr><tr><td>8&#215;10; 10&#215;10<\/td><td>bi-maxilar sem ou com ATM<\/td><\/tr><\/tbody><\/table>\n\n\n\n<p><\/p>\n","protected":false},"excerpt":{"rendered":"<p>O Voxel mais pequeno do mercado 68 micr\u00f3metro, com um FOV de 4x4cm at\u00e9 16x13cm permite obter um detalhe de elevada resolu\u00e7\u00e3o Imagem de mais alta defini\u00e7\u00e3o Imagens adquiridas com o m\u00e1ximo detalhe, mantendo uma dose relativamente baixa de radia\u00e7\u00e3o [ Geralmente, quanto menor a \u00e1rea estudada (FOV), maior resolu\u00e7\u00e3o se pode obter. E esta&hellip; <br \/> <a class=\"read-more\" href=\"https:\/\/cbct.pt\/?page_id=221\">Read more<\/a><\/p>\n","protected":false},"author":1,"featured_media":421,"parent":0,"menu_order":0,"comment_status":"closed","ping_status":"closed","template":"page-templates\/page-with-right-sidebar.php","meta":{"footnotes":""},"class_list":["post-221","page","type-page","status-publish","has-post-thumbnail","hentry"],"_links":{"self":[{"href":"https:\/\/cbct.pt\/index.php?rest_route=\/wp\/v2\/pages\/221","targetHints":{"allow":["GET"]}}],"collection":[{"href":"https:\/\/cbct.pt\/index.php?rest_route=\/wp\/v2\/pages"}],"about":[{"href":"https:\/\/cbct.pt\/index.php?rest_route=\/wp\/v2\/types\/page"}],"author":[{"embeddable":true,"href":"https:\/\/cbct.pt\/index.php?rest_route=\/wp\/v2\/users\/1"}],"replies":[{"embeddable":true,"href":"https:\/\/cbct.pt\/index.php?rest_route=%2Fwp%2Fv2%2Fcomments&post=221"}],"version-history":[{"count":57,"href":"https:\/\/cbct.pt\/index.php?rest_route=\/wp\/v2\/pages\/221\/revisions"}],"predecessor-version":[{"id":578,"href":"https:\/\/cbct.pt\/index.php?rest_route=\/wp\/v2\/pages\/221\/revisions\/578"}],"wp:featuredmedia":[{"embeddable":true,"href":"https:\/\/cbct.pt\/index.php?rest_route=\/wp\/v2\/media\/421"}],"wp:attachment":[{"href":"https:\/\/cbct.pt\/index.php?rest_route=%2Fwp%2Fv2%2Fmedia&parent=221"}],"curies":[{"name":"wp","href":"https:\/\/api.w.org\/{rel}","templated":true}]}}