{"id":69,"date":"2019-11-05T11:47:18","date_gmt":"2019-11-05T11:47:18","guid":{"rendered":"https:\/\/cbct.pt\/?page_id=69"},"modified":"2024-12-30T18:55:19","modified_gmt":"2024-12-30T18:55:19","slug":"informacao-para-o-paciente","status":"publish","type":"page","link":"https:\/\/cbct.pt\/?page_id=69","title":{"rendered":"Informa\u00e7\u00e3o para o Paciente"},"content":{"rendered":"\n<div class=\"wp-block-columns has-2-columns is-layout-flex wp-container-core-columns-is-layout-9d6595d7 wp-block-columns-is-layout-flex\">\n<div class=\"wp-block-column is-layout-flow wp-block-column-is-layout-flow\"><div class=\"wp-block-image\">\n<figure class=\"aligncenter\"><img loading=\"lazy\" decoding=\"async\" width=\"400\" height=\"300\" src=\"https:\/\/cbct.pt\/wp-content\/uploads\/2019\/11\/cbct_procedimento.jpg\" alt=\"\" class=\"wp-image-404\" srcset=\"https:\/\/cbct.pt\/wp-content\/uploads\/2019\/11\/cbct_procedimento.jpg 400w, https:\/\/cbct.pt\/wp-content\/uploads\/2019\/11\/cbct_procedimento-300x225.jpg 300w\" sizes=\"auto, (max-width: 400px) 100vw, 400px\" \/><\/figure>\n<\/div><\/div>\n\n\n\n<div class=\"wp-block-column is-layout-flow wp-block-column-is-layout-flow\">\n<h3 class=\"wp-block-heading\" id=\"h.p_jZERv0gNtPDE\">\u00c9 necess\u00e1ria alguma prepara\u00e7\u00e3o?<\/h3>\n\n\n\n<p>N\u00e3o. O exame n\u00e3o requer nenhuma prepara\u00e7\u00e3o pr\u00e9via.<\/p>\n\n\n\n<p>O exame \u00e9 realizado de p\u00e9 (ou sentado).<\/p>\n\n\n\n<p><strong>\u00c9 um exame simples, r\u00e1pido, indolor e seguro.<\/strong><\/p>\n\n\n\n<p class=\"has-very-light-gray-background-color has-background\">Ser-lhe-\u00e1 solicitado que retire os objectos met\u00e1licos que tenha do pesco\u00e7o para cima (fios, brincos, piercings, pr\u00f3teses remov\u00edveis met\u00e1licas, etc.)<\/p>\n<\/div>\n<\/div>\n\n\n\n<div style=\"height:20px\" aria-hidden=\"true\" class=\"wp-block-spacer\"><\/div>\n\n\n\n<hr class=\"wp-block-separator has-css-opacity\"\/>\n\n\n\n<div style=\"height:20px\" aria-hidden=\"true\" class=\"wp-block-spacer\"><\/div>\n\n\n\n<div class=\"wp-block-columns has-2-columns is-layout-flex wp-container-core-columns-is-layout-9d6595d7 wp-block-columns-is-layout-flex\">\n<div class=\"wp-block-column is-layout-flow wp-block-column-is-layout-flow\">\n<h3 class=\"wp-block-heading\" id=\"h.p_OsQWbur1wJDq\">Est\u00e1 gr\u00e1vida?<\/h3>\n\n\n\n<p><strong>Informou o seu(sua) m\u00e9dico(a) que h\u00e1 possibilidade de estar gr\u00e1vida?<\/strong><\/p>\n\n\n\n<ul class=\"wp-block-list\">\n<li>Se mesmo assim ele(a) insiste no exame, \u00e9 porque tem a certeza que o baixo risco que possa eventualmente existir para a crian\u00e7a, \u00e9 largamente ultrapassado pela vantagem de ter o exame e esclarecer outras situa\u00e7\u00f5es cl\u00ednicas bem mais perigosas.<\/li>\n\n\n\n<li>Mesmo assim, \u00e9 sempre utilizado um avental de chumbo que proteje eficazmente o feto, das radia\u00e7\u00f5es<\/li>\n<\/ul>\n<\/div>\n\n\n\n<div class=\"wp-block-column is-layout-flow wp-block-column-is-layout-flow\"><div class=\"wp-block-image\">\n<figure class=\"aligncenter\"><img loading=\"lazy\" decoding=\"async\" width=\"400\" height=\"300\" src=\"https:\/\/cbct.pt\/wp-content\/uploads\/2019\/11\/cbct_gravidez.jpg\" alt=\"\" class=\"wp-image-400\" srcset=\"https:\/\/cbct.pt\/wp-content\/uploads\/2019\/11\/cbct_gravidez.jpg 400w, https:\/\/cbct.pt\/wp-content\/uploads\/2019\/11\/cbct_gravidez-300x225.jpg 300w\" sizes=\"auto, (max-width: 400px) 100vw, 400px\" \/><\/figure>\n<\/div><\/div>\n<\/div>\n\n\n\n<div style=\"height:20px\" aria-hidden=\"true\" class=\"wp-block-spacer\"><\/div>\n\n\n\n<hr class=\"wp-block-separator has-css-opacity\"\/>\n\n\n\n<div style=\"height:20px\" aria-hidden=\"true\" class=\"wp-block-spacer\"><\/div>\n\n\n\n<div class=\"wp-block-columns has-2-columns is-layout-flex wp-container-core-columns-is-layout-9d6595d7 wp-block-columns-is-layout-flex\">\n<div class=\"wp-block-column is-layout-flow wp-block-column-is-layout-flow\"><div class=\"wp-block-image\">\n<figure class=\"aligncenter\"><img loading=\"lazy\" decoding=\"async\" width=\"400\" height=\"300\" src=\"https:\/\/cbct.pt\/wp-content\/uploads\/2019\/11\/cbct_radiacao2.jpg\" alt=\"\" class=\"wp-image-413\" srcset=\"https:\/\/cbct.pt\/wp-content\/uploads\/2019\/11\/cbct_radiacao2.jpg 400w, https:\/\/cbct.pt\/wp-content\/uploads\/2019\/11\/cbct_radiacao2-300x225.jpg 300w\" sizes=\"auto, (max-width: 400px) 100vw, 400px\" \/><\/figure>\n<\/div><\/div>\n\n\n\n<div class=\"wp-block-column is-layout-flow wp-block-column-is-layout-flow\">\n<h3 class=\"wp-block-heading\" id=\"h.p_8Mw3HfxQwJD0\">Princ\u00edpio A.L.A.D.A.<\/h3>\n\n\n\n<p><a href=\"https:\/\/sites.google.com\/medisis.pt\/cbct\/informa%C3%A7%C3%A3o-para-o-paciente#h.p_VHEANqKgv43L\"><\/a><strong>Baixa dose de radia\u00e7\u00e3o:<\/strong><\/p>\n\n\n\n<p>O<strong>&nbsp;principio de protec\u00e7\u00e3o radiol\u00f3gica ALADA (\u201cAs Low As Diagnostically Acceptable\u201d)<\/strong>&nbsp;significa que o exame deve ser feito com a dose mais pequena que seja razo\u00e1vel executar, sem prejudicar o diagn\u00f3stico.<\/p>\n\n\n\n<p class=\"has-very-light-gray-background-color has-background\">\u00c9 isso que fazemos, ao executar um CBCT, seleccionando a \u00e0rea de estudo (FOV) a mais pequena poss\u00edvel, com o protocolo de redu\u00e7\u00e3o de dose mais eficaz, o que \u00e9 poss\u00edvel com os equipamentos de CBCT mais modernos.<\/p>\n<\/div>\n<\/div>\n\n\n\n<div style=\"height:20px\" aria-hidden=\"true\" class=\"wp-block-spacer\"><\/div>\n\n\n\n<hr class=\"wp-block-separator has-css-opacity\"\/>\n\n\n\n<div style=\"height:20px\" aria-hidden=\"true\" class=\"wp-block-spacer\"><\/div>\n\n\n\n<div class=\"wp-block-columns has-2-columns is-layout-flex wp-container-core-columns-is-layout-9d6595d7 wp-block-columns-is-layout-flex\">\n<div class=\"wp-block-column is-layout-flow wp-block-column-is-layout-flow\">\n<h3 class=\"wp-block-heading\" id=\"h.p_vRZhNSpBv43d\">Alta defini\u00e7\u00e3o<\/h3>\n\n\n\n<p><strong>Imagens adquiridas com o m\u00e1ximo detalhe<\/strong>, mantendo uma dose relativamente baixa de radia\u00e7\u00e3o[ Geralmente, quanto menor a \u00e1rea estudada (FOV), maior resolu\u00e7\u00e3o se pode obter. E esta \u00e9 bastante superior \u00e0 obtida com a generalidade dos exames de TAC ou de tomografia computorizada cl\u00e1ssicos, com uma dose muito inferior ]<\/p>\n\n\n\n<p class=\"has-very-light-gray-background-color has-background\">Em caso de necessidade da dose menor poss\u00edvel, \u00e9 poss\u00edvel seleccionar um modo de aquisi\u00e7\u00e3o &#8220;Quick Scan&#8221; com uma aquisi\u00e7\u00e3o de 3,6s para um volume 3D e de 6&#8243; para uma Ortopantomografia<\/p>\n<\/div>\n\n\n\n<div class=\"wp-block-column is-layout-flow wp-block-column-is-layout-flow\"><div class=\"wp-block-image\">\n<figure class=\"aligncenter\"><img loading=\"lazy\" decoding=\"async\" width=\"400\" height=\"300\" src=\"https:\/\/cbct.pt\/wp-content\/uploads\/2019\/11\/cbct_HD.jpg\" alt=\"\" class=\"wp-image-409\" srcset=\"https:\/\/cbct.pt\/wp-content\/uploads\/2019\/11\/cbct_HD.jpg 400w, https:\/\/cbct.pt\/wp-content\/uploads\/2019\/11\/cbct_HD-300x225.jpg 300w\" sizes=\"auto, (max-width: 400px) 100vw, 400px\" \/><\/figure>\n<\/div><\/div>\n<\/div>\n\n\n\n<div style=\"height:20px\" aria-hidden=\"true\" class=\"wp-block-spacer\"><\/div>\n\n\n\n<hr class=\"wp-block-separator has-css-opacity\"\/>\n\n\n\n<div style=\"height:20px\" aria-hidden=\"true\" class=\"wp-block-spacer\"><\/div>\n\n\n\n<div class=\"wp-block-columns has-2-columns is-layout-flex wp-container-core-columns-is-layout-9d6595d7 wp-block-columns-is-layout-flex\">\n<div class=\"wp-block-column is-vertically-aligned-top is-layout-flow wp-block-column-is-layout-flow\"><div class=\"wp-block-image\">\n<figure class=\"aligncenter\"><img loading=\"lazy\" decoding=\"async\" width=\"400\" height=\"300\" src=\"https:\/\/cbct.pt\/wp-content\/uploads\/2019\/11\/cbct_radiacoes_ionizantes.jpg\" alt=\"\" class=\"wp-image-415\" srcset=\"https:\/\/cbct.pt\/wp-content\/uploads\/2019\/11\/cbct_radiacoes_ionizantes.jpg 400w, https:\/\/cbct.pt\/wp-content\/uploads\/2019\/11\/cbct_radiacoes_ionizantes-300x225.jpg 300w\" sizes=\"auto, (max-width: 400px) 100vw, 400px\" \/><\/figure>\n<\/div>\n\n\n<p><\/p>\n<\/div>\n\n\n\n<div class=\"wp-block-column is-vertically-aligned-stretch is-layout-flow wp-block-column-is-layout-flow\">\n<h3 class=\"wp-block-heading\" id=\"h.p_ntb1zOmFwUTC\">Riscos das radia\u00e7\u00f5es ionizantes<\/h3>\n\n\n\n<p>Os exames radiogr\u00e1ficos envolvem uma dose de radia\u00e7\u00e3o X que \u00e9 uma radia\u00e7\u00e3o ionizante, tamb\u00e9m existente na natureza, como a proveniente do Sol. Ela \u00e9 capaz de provocar estragos a n\u00edvel molecular e celular.<\/p>\n\n\n\n<p>Com a pequena dose utilizada n\u00e3o se conseguem observar danos directos como o que acontece com uma queimadura solar. Mas podem existir tamb\u00e9m danos indirectos, que est\u00e3o associados a uma dose acumulada ao longo da vida e que podem provocar at\u00e9 neoplasias e eventualmente a morte. No entanto, tamb\u00e9m h\u00e1 riscos envolvidos pela n\u00e3o realiza\u00e7\u00e3o e diagn\u00f3stico incompleto, pelo que os exames s\u00f3 s\u00e3o prescritos quando o cl\u00ednico entende que os risos s\u00e3o claramente ultrapassados pelos benef\u00edcios.<\/p>\n\n\n\n<p class=\"has-very-light-gray-background-color has-background\">Por isso, est\u00e3o estabelecidos n\u00edveis de seguran\u00e7a, com limites anuais que n\u00e3o devem ser ultrapassados e o paciente tem o direito de saber a que dose est\u00e1 sujeito e, caso entenda, recusar\u2010se a realizar o exame, procurando alternativas de diagn\u00f3stico que o(a) seu(sua) M\u00e9dico(a) pode, e deve, esclarecer.<\/p>\n<\/div>\n<\/div>\n\n\n\n<div class=\"wp-block-columns has-2-columns is-layout-flex wp-container-core-columns-is-layout-9d6595d7 wp-block-columns-is-layout-flex\">\n<div class=\"wp-block-column is-layout-flow wp-block-column-is-layout-flow\">\n<h3 class=\"wp-block-heading\">Porque deve ser relatado um CBCT?<\/h3>\n\n\n\n<figure class=\"wp-block-audio\"><audio controls src=\"https:\/\/cbct.pt\/wp-content\/uploads\/2024\/12\/CBCT-Training-Requirements.wav\"><\/audio><figcaption class=\"wp-element-caption\">Podcast em Ingl\u00eas:<br><strong>Porque deve ser relatado um CBCT?<\/strong><br>(fonte: &#8220;Deep Dive&#8221; Podcast &#8211; notebooklm.google.com)<\/figcaption><\/figure>\n<\/div>\n\n\n\n<div class=\"wp-block-column is-layout-flow wp-block-column-is-layout-flow\">\n<figure class=\"wp-block-image size-large\"><img loading=\"lazy\" decoding=\"async\" width=\"1024\" height=\"427\" src=\"https:\/\/cbct.pt\/wp-content\/uploads\/2019\/11\/cbct_medicos3-1024x427.jpg\" alt=\"\" class=\"wp-image-421\" srcset=\"https:\/\/cbct.pt\/wp-content\/uploads\/2019\/11\/cbct_medicos3-1024x427.jpg 1024w, https:\/\/cbct.pt\/wp-content\/uploads\/2019\/11\/cbct_medicos3-300x125.jpg 300w, https:\/\/cbct.pt\/wp-content\/uploads\/2019\/11\/cbct_medicos3-768x320.jpg 768w, https:\/\/cbct.pt\/wp-content\/uploads\/2019\/11\/cbct_medicos3.jpg 1920w\" sizes=\"auto, (max-width: 1024px) 100vw, 1024px\" \/><\/figure>\n<\/div>\n<\/div>\n\n\n\n<p><\/p>\n","protected":false},"excerpt":{"rendered":"<p>\u00c9 necess\u00e1ria alguma prepara\u00e7\u00e3o? N\u00e3o. O exame n\u00e3o requer nenhuma prepara\u00e7\u00e3o pr\u00e9via. O exame \u00e9 realizado de p\u00e9 (ou sentado). \u00c9 um exame simples, r\u00e1pido, indolor e seguro. Ser-lhe-\u00e1 solicitado que retire os objectos met\u00e1licos que tenha do pesco\u00e7o para cima (fios, brincos, piercings, pr\u00f3teses remov\u00edveis met\u00e1licas, etc.) Est\u00e1 gr\u00e1vida? Informou o seu(sua) m\u00e9dico(a) que&hellip; <br \/> <a class=\"read-more\" href=\"https:\/\/cbct.pt\/?page_id=69\">Read more<\/a><\/p>\n","protected":false},"author":1,"featured_media":381,"parent":0,"menu_order":0,"comment_status":"closed","ping_status":"closed","template":"","meta":{"footnotes":""},"class_list":["post-69","page","type-page","status-publish","has-post-thumbnail","hentry"],"_links":{"self":[{"href":"https:\/\/cbct.pt\/index.php?rest_route=\/wp\/v2\/pages\/69","targetHints":{"allow":["GET"]}}],"collection":[{"href":"https:\/\/cbct.pt\/index.php?rest_route=\/wp\/v2\/pages"}],"about":[{"href":"https:\/\/cbct.pt\/index.php?rest_route=\/wp\/v2\/types\/page"}],"author":[{"embeddable":true,"href":"https:\/\/cbct.pt\/index.php?rest_route=\/wp\/v2\/users\/1"}],"replies":[{"embeddable":true,"href":"https:\/\/cbct.pt\/index.php?rest_route=%2Fwp%2Fv2%2Fcomments&post=69"}],"version-history":[{"count":55,"href":"https:\/\/cbct.pt\/index.php?rest_route=\/wp\/v2\/pages\/69\/revisions"}],"predecessor-version":[{"id":585,"href":"https:\/\/cbct.pt\/index.php?rest_route=\/wp\/v2\/pages\/69\/revisions\/585"}],"wp:featuredmedia":[{"embeddable":true,"href":"https:\/\/cbct.pt\/index.php?rest_route=\/wp\/v2\/media\/381"}],"wp:attachment":[{"href":"https:\/\/cbct.pt\/index.php?rest_route=%2Fwp%2Fv2%2Fmedia&parent=69"}],"curies":[{"name":"wp","href":"https:\/\/api.w.org\/{rel}","templated":true}]}}