{"id":7,"date":"2019-11-04T16:22:18","date_gmt":"2019-11-04T16:22:18","guid":{"rendered":"https:\/\/cbct.pt\/?page_id=7"},"modified":"2019-11-08T12:22:48","modified_gmt":"2019-11-08T12:22:48","slug":"exames-realizados","status":"publish","type":"page","link":"https:\/\/cbct.pt\/?page_id=7","title":{"rendered":"Exames realizados"},"content":{"rendered":"\n<div class=\"wp-block-columns has-2-columns is-layout-flex wp-container-core-columns-is-layout-9d6595d7 wp-block-columns-is-layout-flex\">\n<div class=\"wp-block-column is-layout-flow wp-block-column-is-layout-flow\">\n<figure class=\"wp-block-image\"><img loading=\"lazy\" decoding=\"async\" width=\"900\" height=\"802\" src=\"https:\/\/cbct.pt\/wp-content\/uploads\/2019\/11\/ecosaude_cbct-1.jpg\" alt=\"\" class=\"wp-image-123\" srcset=\"https:\/\/cbct.pt\/wp-content\/uploads\/2019\/11\/ecosaude_cbct-1.jpg 900w, https:\/\/cbct.pt\/wp-content\/uploads\/2019\/11\/ecosaude_cbct-1-300x267.jpg 300w, https:\/\/cbct.pt\/wp-content\/uploads\/2019\/11\/ecosaude_cbct-1-768x684.jpg 768w\" sizes=\"auto, (max-width: 900px) 100vw, 900px\" \/><\/figure>\n<\/div>\n\n\n\n<div class=\"wp-block-column is-layout-flow wp-block-column-is-layout-flow\">\n<strong><h3 style=\"color:#3c424f;\">O seu m\u00e9dico tamb\u00e9m prescreveu uma Ortopantomografia ou um Rx do cr\u00e2nio para Ortod\u00f4ncia?<\/h3><\/strong>\n\n\n\n<div style=\"height:33px\" aria-hidden=\"true\" class=\"wp-block-spacer\"><\/div>\n\n\n\n<p style=\"text-align:left\" class=\"has-normal-font-size\">Os aparelhos mais actuais de CBCT, verticais, permitem realizar <strong>exames de Tomografia Computorizada (3D)<\/strong>, da cabe\u00e7a e pesco\u00e7o mas tamb\u00e9m v\u00e1rios exames de radiologia convencional (2D) da cabe\u00e7a, pesco\u00e7o, m\u00e3os e punhos.<\/p>\n\n\n\n<p class=\"has-normal-font-size\">Al\u00e9m disso, alguns centros de imagem Oro-Maxilo-Facial podem ainda dispor de outros meios de imagem como fotografias e scanners intra-orais.<\/p>\n<\/div>\n<\/div>\n\n\n\n<hr class=\"wp-block-separator\"\/>\n\n\n\n<div class=\"wp-block-columns has-2-columns is-layout-flex wp-container-core-columns-is-layout-9d6595d7 wp-block-columns-is-layout-flex\">\n<div class=\"wp-block-column is-layout-flow wp-block-column-is-layout-flow\">\n<p><\/p>\n\n\n\n<figure class=\"wp-block-image\"><img loading=\"lazy\" decoding=\"async\" width=\"500\" height=\"500\" src=\"https:\/\/cbct.pt\/wp-content\/uploads\/2019\/11\/cbct_3D_3-1.png\" alt=\"\" class=\"wp-image-398\" srcset=\"https:\/\/cbct.pt\/wp-content\/uploads\/2019\/11\/cbct_3D_3-1.png 500w, https:\/\/cbct.pt\/wp-content\/uploads\/2019\/11\/cbct_3D_3-1-150x150.png 150w, https:\/\/cbct.pt\/wp-content\/uploads\/2019\/11\/cbct_3D_3-1-300x300.png 300w\" sizes=\"auto, (max-width: 500px) 100vw, 500px\" \/><\/figure>\n<\/div>\n\n\n\n<div class=\"wp-block-column is-layout-flow wp-block-column-is-layout-flow\">\n<div style=\"height:32px\" aria-hidden=\"true\" class=\"wp-block-spacer\"><\/div>\n\n\n\n<h3 class=\"wp-block-heading\" id=\"h.p_BJ3UugSt_C1M\"><strong>Imagens 3D<\/strong><\/h3>\n\n\n\n<div style=\"height:32px\" aria-hidden=\"true\" class=\"wp-block-spacer\"><\/div>\n\n\n\n<ul class=\"wp-block-list\"><li><strong>CBCT &#8211; Tomografia Computorizada de Feixe C\u00f3nico<\/strong><\/li><li><strong>Estudo Maxilo-Facial<\/strong><\/li><li><strong>ATM<\/strong><\/li><li><strong>Otorrinolaringologia:<\/strong><ul><li>Ouvido <\/li><li>Seios Peri-Nasais <\/li><li>Estudo da Via A\u00e9rea<\/li><\/ul><\/li><li><strong>Avalia\u00e7\u00e3o de:<\/strong><ul><li>Cirurgia <\/li><li>Endodontia <\/li><li>Implantologia<\/li><li>N\u00edvel \u00f3sseo <\/li><li>Osteointegra\u00e7\u00e3o<\/li><li>Fracturas<\/li><li>Sisos<\/li><\/ul><\/li><\/ul>\n\n\n\n<p><\/p>\n<\/div>\n<\/div>\n\n\n\n<hr class=\"wp-block-separator\"\/>\n\n\n\n<div style=\"height:32px\" aria-hidden=\"true\" class=\"wp-block-spacer\"><\/div>\n\n\n\n<div class=\"wp-block-columns has-2-columns is-layout-flex wp-container-core-columns-is-layout-9d6595d7 wp-block-columns-is-layout-flex\">\n<div class=\"wp-block-column is-layout-flow wp-block-column-is-layout-flow\">\n<h3 class=\"wp-block-heading\" id=\"h.p_kd5zzD03_C1K\"><strong>Imagens 2D<\/strong><\/h3>\n\n\n\n<div style=\"height:32px\" aria-hidden=\"true\" class=\"wp-block-spacer\"><\/div>\n\n\n\n<ul class=\"wp-block-list\"><li>Ortopantomografia (Rx. Panor\u00e2mico)<\/li><li>Telerradiografia de frente e perfil (para Ortodontia)<\/li><li>Rx da m\u00e3o e punho<\/li><li>ATM (frente e perfil)<\/li><li>Seios perinasais (Watters e perfil)<\/li><li>Radiografias dent\u00e1rias Bite-Wing<\/li><li>Fotografia dent\u00e1ria<\/li><li>Fotografia facial<\/li><li>Scanner intra-oral para modelos STL<\/li><\/ul>\n<\/div>\n\n\n\n<div class=\"wp-block-column is-layout-flow wp-block-column-is-layout-flow\">\n<figure class=\"wp-block-image\"><img loading=\"lazy\" decoding=\"async\" width=\"500\" height=\"500\" src=\"https:\/\/cbct.pt\/wp-content\/uploads\/2019\/11\/cbct_2D_3-1.png\" alt=\"\" class=\"wp-image-397\" srcset=\"https:\/\/cbct.pt\/wp-content\/uploads\/2019\/11\/cbct_2D_3-1.png 500w, https:\/\/cbct.pt\/wp-content\/uploads\/2019\/11\/cbct_2D_3-1-150x150.png 150w, https:\/\/cbct.pt\/wp-content\/uploads\/2019\/11\/cbct_2D_3-1-300x300.png 300w\" sizes=\"auto, (max-width: 500px) 100vw, 500px\" \/><\/figure>\n<\/div>\n<\/div>\n","protected":false},"excerpt":{"rendered":"<p>O seu m\u00e9dico tamb\u00e9m prescreveu uma Ortopantomografia ou um Rx do cr\u00e2nio para Ortod\u00f4ncia? Os aparelhos mais actuais de CBCT, verticais, permitem realizar exames de Tomografia Computorizada (3D), da cabe\u00e7a e pesco\u00e7o mas tamb\u00e9m v\u00e1rios exames de radiologia convencional (2D) da cabe\u00e7a, pesco\u00e7o, m\u00e3os e punhos. Al\u00e9m disso, alguns centros de imagem Oro-Maxilo-Facial podem ainda&hellip; <br \/> <a class=\"read-more\" href=\"https:\/\/cbct.pt\/?page_id=7\">Read more<\/a><\/p>\n","protected":false},"author":1,"featured_media":425,"parent":0,"menu_order":0,"comment_status":"closed","ping_status":"closed","template":"","meta":{"footnotes":""},"class_list":["post-7","page","type-page","status-publish","has-post-thumbnail","hentry"],"_links":{"self":[{"href":"https:\/\/cbct.pt\/index.php?rest_route=\/wp\/v2\/pages\/7","targetHints":{"allow":["GET"]}}],"collection":[{"href":"https:\/\/cbct.pt\/index.php?rest_route=\/wp\/v2\/pages"}],"about":[{"href":"https:\/\/cbct.pt\/index.php?rest_route=\/wp\/v2\/types\/page"}],"author":[{"embeddable":true,"href":"https:\/\/cbct.pt\/index.php?rest_route=\/wp\/v2\/users\/1"}],"replies":[{"embeddable":true,"href":"https:\/\/cbct.pt\/index.php?rest_route=%2Fwp%2Fv2%2Fcomments&post=7"}],"version-history":[{"count":35,"href":"https:\/\/cbct.pt\/index.php?rest_route=\/wp\/v2\/pages\/7\/revisions"}],"predecessor-version":[{"id":399,"href":"https:\/\/cbct.pt\/index.php?rest_route=\/wp\/v2\/pages\/7\/revisions\/399"}],"wp:featuredmedia":[{"embeddable":true,"href":"https:\/\/cbct.pt\/index.php?rest_route=\/wp\/v2\/media\/425"}],"wp:attachment":[{"href":"https:\/\/cbct.pt\/index.php?rest_route=%2Fwp%2Fv2%2Fmedia&parent=7"}],"curies":[{"name":"wp","href":"https:\/\/api.w.org\/{rel}","templated":true}]}}