{"id":78,"date":"2019-11-05T11:55:24","date_gmt":"2019-11-05T11:55:24","guid":{"rendered":"https:\/\/cbct.pt\/?page_id=78"},"modified":"2025-01-08T21:25:09","modified_gmt":"2025-01-08T21:25:09","slug":"onde-pode-fazer-o-cbct","status":"publish","type":"page","link":"https:\/\/cbct.pt\/?page_id=78","title":{"rendered":"Onde pode fazer o CBCT"},"content":{"rendered":"\n<div class=\"wp-block-columns has-2-columns is-layout-flex wp-container-core-columns-is-layout-9d6595d7 wp-block-columns-is-layout-flex\">\n<div class=\"wp-block-column is-layout-flow wp-block-column-is-layout-flow\">\n<figure class=\"wp-block-image\"><a href=\"http:\/\/www.ecosaude.pt\/\" target=\"_blank\" rel=\"noreferrer noopener\"><img loading=\"lazy\" decoding=\"async\" width=\"325\" height=\"111\" src=\"https:\/\/cbct.pt\/wp-content\/uploads\/2019\/11\/logo_cbct_V2.png\" alt=\"\" class=\"wp-image-390\" srcset=\"https:\/\/cbct.pt\/wp-content\/uploads\/2019\/11\/logo_cbct_V2.png 325w, https:\/\/cbct.pt\/wp-content\/uploads\/2019\/11\/logo_cbct_V2-300x102.png 300w\" sizes=\"auto, (max-width: 325px) 100vw, 325px\" \/><\/a><\/figure>\n\n\n\n<h3 class=\"wp-block-heading\" id=\"h.p_DzdpC2r-keLn\">Centro de Imagiologia Digital DentoMaxiloFacial<\/h3>\n\n\n\n<h4 class=\"wp-block-heading\" id=\"h.p_9m9mfuBKkrL0\"><a href=\"https:\/\/sites.google.com\/medisis.pt\/cbct\/onde-fazer-o-cbct#h.p_9m9mfuBKkrL0\"><\/a>2\u00aafeira a 6\u00aafeira    &#8211;    08h30 \u00e0s 18h00<\/h4>\n\n\n\n<p>Rua Abade Faria, 65-C, <br>1900-005 Lisboa<\/p>\n\n\n\n<p><strong>Telefone:  <\/strong><a href=\"tel:211021609\">936 334 747<\/a><\/p>\n\n\n\n<p><strong>e-mail: <\/strong><a href=\"mailto:areeiro@cbct.pt\">areeiro@cbct.pt<\/a><\/p>\n<\/div>\n\n\n\n<div class=\"wp-block-column is-layout-flow wp-block-column-is-layout-flow\">\n<p><\/p>\n\n\n\n<iframe src=\"https:\/\/www.google.com\/maps\/embed?pb=!1m18!1m12!1m3!1d462.59748506900854!2d-9.13196493447305!3d38.74139246894937!2m3!1f0!2f0!3f0!3m2!1i1024!2i768!4f13.1!3m3!1m2!1s0xd19337ca0a19913%3A0xbc314981827ea23c!2sImagiologia%20Digital%20DentoMaxiloFacial!5e0!3m2!1sen!2spt!4v1679010321110!5m2!1sen!2spt\" width=\"450\" height=\"450\" style=\"border:0;\" allowfullscreen=\"\" loading=\"lazy\" referrerpolicy=\"no-referrer-when-downgrade\"><\/iframe>\n\n\n\n<p><\/p>\n<\/div>\n<\/div>\n\n\n\n<p>O exame realizado no CIDD, em Lisboa, possui um fator de qualidade relevante, todos os exames realizados no CIDD s\u00e3o analisados e objecto de relat\u00f3rio por m\u00e9dico especialista:<\/p>\n\n\n\n<h3 class=\"wp-block-heading\"><strong>Dr. Jorge Ferreira da Costa<\/strong> <\/h3>\n\n\n\n<h3 class=\"wp-block-heading\"><strong>Dra. Filipa Braz\u00e3o de Almeida<\/strong> <\/h3>\n\n\n\n<p>Professores de Imagiologia Dentomaxilofacial na Faculdade de Medicina Dent\u00e1ria da Universidade de Lisboa;<br>Membros da EADMFR (Academia Europeia de Radiologia Dentomaxilofacial)<\/p>\n\n\n\n<h4 class=\"wp-block-heading\"><strong>N\u00e3o se canse por esperar. Os nossos agendamentos s\u00e3o breves.<\/strong><\/h4>\n\n\n\n<p><strong>Ligue para 936 33 47 47<\/strong><\/p>\n\n\n\n<hr class=\"wp-block-separator has-css-opacity\"\/>\n","protected":false},"excerpt":{"rendered":"<p>Centro de Imagiologia Digital DentoMaxiloFacial 2\u00aafeira a 6\u00aafeira &#8211; 08h30 \u00e0s 18h00 Rua Abade Faria, 65-C, 1900-005 Lisboa Telefone: 936 334 747 e-mail: areeiro@cbct.pt O exame realizado no CIDD, em Lisboa, possui um fator de qualidade relevante, todos os exames realizados no CIDD s\u00e3o analisados e objecto de relat\u00f3rio por m\u00e9dico especialista: Dr. Jorge Ferreira&hellip; <br \/> <a class=\"read-more\" href=\"https:\/\/cbct.pt\/?page_id=78\">Read more<\/a><\/p>\n","protected":false},"author":1,"featured_media":426,"parent":0,"menu_order":0,"comment_status":"closed","ping_status":"closed","template":"","meta":{"footnotes":""},"class_list":["post-78","page","type-page","status-publish","has-post-thumbnail","hentry"],"_links":{"self":[{"href":"https:\/\/cbct.pt\/index.php?rest_route=\/wp\/v2\/pages\/78","targetHints":{"allow":["GET"]}}],"collection":[{"href":"https:\/\/cbct.pt\/index.php?rest_route=\/wp\/v2\/pages"}],"about":[{"href":"https:\/\/cbct.pt\/index.php?rest_route=\/wp\/v2\/types\/page"}],"author":[{"embeddable":true,"href":"https:\/\/cbct.pt\/index.php?rest_route=\/wp\/v2\/users\/1"}],"replies":[{"embeddable":true,"href":"https:\/\/cbct.pt\/index.php?rest_route=%2Fwp%2Fv2%2Fcomments&post=78"}],"version-history":[{"count":79,"href":"https:\/\/cbct.pt\/index.php?rest_route=\/wp\/v2\/pages\/78\/revisions"}],"predecessor-version":[{"id":587,"href":"https:\/\/cbct.pt\/index.php?rest_route=\/wp\/v2\/pages\/78\/revisions\/587"}],"wp:featuredmedia":[{"embeddable":true,"href":"https:\/\/cbct.pt\/index.php?rest_route=\/wp\/v2\/media\/426"}],"wp:attachment":[{"href":"https:\/\/cbct.pt\/index.php?rest_route=%2Fwp%2Fv2%2Fmedia&parent=78"}],"curies":[{"name":"wp","href":"https:\/\/api.w.org\/{rel}","templated":true}]}}